{"id":9,"date":"2023-05-10T09:03:17","date_gmt":"2023-05-10T09:03:17","guid":{"rendered":"https:\/\/dietmoitangocgiare.net\/?page_id=9"},"modified":"2023-05-10T09:03:17","modified_gmt":"2023-05-10T09:03:17","slug":"gio-hang","status":"publish","type":"page","link":"https:\/\/omai.mauthemewp.com\/?page_id=9","title":{"rendered":"Gi\u1ecf h\u00e0ng"},"content":{"rendered":"<div class=\"woocommerce\"><div class=\"woocommerce-notices-wrapper\"><\/div><div class=\"woocommerce row row-large row-divided\">\n<div class=\"col large-7 pb-0 \">\n\n\n<form class=\"woocommerce-cart-form\" action=\"https:\/\/omai.mauthemewp.com\/?page_id=9\" method=\"post\">\n<div class=\"cart-wrapper sm-touch-scroll\">\n\n\t\n\t<table class=\"shop_table shop_table_responsive cart woocommerce-cart-form__contents\" cellspacing=\"0\">\n\t\t<thead>\n\t\t\t<tr>\n\t\t\t\t<th class=\"product-name\" colspan=\"3\">S\u1ea3n ph\u1ea9m<\/th>\n\t\t\t\t<th class=\"product-price\">Gi\u00e1<\/th>\n\t\t\t\t<th class=\"product-quantity\">S\u1ed1 l\u01b0\u1ee3ng<\/th>\n\t\t\t\t<th class=\"product-subtotal\">T\u1ea1m t\u00ednh<\/th>\n\t\t\t<\/tr>\n\t\t<\/thead>\n\t\t<tbody>\n\t\t\t\n\t\t\t\t\t\t\t\t<tr class=\"woocommerce-cart-form__cart-item cart_item\">\n\n\t\t\t\t\t\t<td class=\"product-remove\">\n\t\t\t\t\t\t\t<a href=\"https:\/\/omai.mauthemewp.com\/?page_id=9&#038;remove_item=05049e90fa4f5039a8cadc6acbb4b2cc&#038;_wpnonce=78f8a8e784\" class=\"remove\" aria-label=\"Remove this item\" data-product_id=\"367\" data-product_sku=\"STHL02-3-2-5-2-1-2\">&times;<\/a>\t\t\t\t\t\t<\/td>\n\n\t\t\t\t\t\t<td class=\"product-thumbnail\">\n\t\t\t\t\t\t<a href=\"https:\/\/omai.mauthemewp.com\/?product=bo-qua-nhan-sam-chinh-hang-han-quoc-3\"><img loading=\"lazy\" decoding=\"async\" width=\"256\" height=\"257\" src=\"https:\/\/omai.mauthemewp.com\/wp-content\/uploads\/2023\/10\/IMAGE-1.png\" class=\"attachment-woocommerce_thumbnail size-woocommerce_thumbnail\" alt=\"\" srcset=\"https:\/\/omai.mauthemewp.com\/wp-content\/uploads\/2023\/10\/IMAGE-1.png 256w, https:\/\/omai.mauthemewp.com\/wp-content\/uploads\/2023\/10\/IMAGE-1-150x150.png 150w, https:\/\/omai.mauthemewp.com\/wp-content\/uploads\/2023\/10\/IMAGE-1-100x100.png 100w\" sizes=\"(max-width: 256px) 100vw, 256px\" \/><\/a>\t\t\t\t\t\t<\/td>\n\n\t\t\t\t\t\t<td class=\"product-name\" data-title=\"S\u1ea3n ph\u1ea9m\">\n\t\t\t\t\t\t<a href=\"https:\/\/omai.mauthemewp.com\/?product=bo-qua-nhan-sam-chinh-hang-han-quoc-3\">B\u1ed9 qu\u00e0 nh\u00e2n s\u00e2m ch\u00ednh h\u00e3ng H\u00e0n Qu\u1ed1c<\/a>\t\t\t\t\t\t\t<div class=\"show-for-small mobile-product-price\">\n\t\t\t\t\t\t\t\t<span class=\"mobile-product-price__qty\">1 x <\/span>\n\t\t\t\t\t\t\t\t<span class=\"woocommerce-Price-amount amount\"><bdi>5.000.000<span class=\"woocommerce-Price-currencySymbol\">&#8363;<\/span><\/bdi><\/span>\t\t\t\t\t\t\t<\/div>\n\t\t\t\t\t\t<\/td>\n\n\t\t\t\t\t\t<td class=\"product-price\" data-title=\"Gi\u00e1\">\n\t\t\t\t\t\t\t<span class=\"woocommerce-Price-amount amount\"><bdi>5.000.000<span class=\"woocommerce-Price-currencySymbol\">&#8363;<\/span><\/bdi><\/span>\t\t\t\t\t\t<\/td>\n\n\t\t\t\t\t\t<td class=\"product-quantity\" data-title=\"S\u1ed1 l\u01b0\u1ee3ng\">\n\t\t\t\t\t\t\t<div class=\"quantity buttons_added\">\n\t\t<input type=\"button\" value=\"-\" class=\"minus button is-form\">\t\t\t\t<label class=\"screen-reader-text\" for=\"quantity_6a004b3a9cd3b\">B\u1ed9 qu\u00e0 nh\u00e2n s\u00e2m ch\u00ednh h\u00e3ng H\u00e0n Qu\u1ed1c s\u1ed1 l\u01b0\u1ee3ng<\/label>\n\t\t<input\n\t\t\ttype=\"number\"\n\t\t\t\t\t\tid=\"quantity_6a004b3a9cd3b\"\n\t\t\tclass=\"input-text qty text\"\n\t\t\tname=\"cart[05049e90fa4f5039a8cadc6acbb4b2cc][qty]\"\n\t\t\tvalue=\"1\"\n\t\t\ttitle=\"Qty\"\n\t\t\tsize=\"4\"\n\t\t\tmin=\"0\"\n\t\t\tmax=\"\"\n\t\t\t\t\t\t\tstep=\"1\"\n\t\t\t\tplaceholder=\"\"\n\t\t\t\tinputmode=\"numeric\"\n\t\t\t\tautocomplete=\"off\"\n\t\t\t\t\t\/>\n\t\t\t\t<input type=\"button\" value=\"+\" class=\"plus button is-form\">\t<\/div>\n\t\t\t\t\t\t\t<\/td>\n\n\t\t\t\t\t\t<td class=\"product-subtotal\" data-title=\"T\u1ea1m t\u00ednh\">\n\t\t\t\t\t\t\t<span class=\"woocommerce-Price-amount amount\"><bdi>5.000.000<span class=\"woocommerce-Price-currencySymbol\">&#8363;<\/span><\/bdi><\/span>\t\t\t\t\t\t<\/td>\n\t\t\t\t\t<\/tr>\n\t\t\t\t\t\n\t\t\t\n\t\t\t<tr>\n\t\t\t\t<td colspan=\"6\" class=\"actions clear\">\n\n\t\t\t\t\t\n<div class=\"continue-shopping pull-left text-left\">\n\t<a class=\"button-continue-shopping button primary is-outline\"  href=\"https:\/\/omai.mauthemewp.com\/?page_id=8\">\n\t\t&#8592;&nbsp;Ti\u1ebfp t\u1ee5c xem s\u1ea3n ph\u1ea9m\t<\/a>\n<\/div>\n\n\t\t\t\t\t<button type=\"submit\" class=\"button primary mt-0 pull-left small\" name=\"update_cart\" value=\"C\u1eadp nh\u1eadt gi\u1ecf h\u00e0ng\">C\u1eadp nh\u1eadt gi\u1ecf h\u00e0ng<\/button>\n\n\t\t\t\t\t<input type=\"hidden\" id=\"woocommerce-cart-nonce\" name=\"woocommerce-cart-nonce\" value=\"78f8a8e784\" \/><input type=\"hidden\" name=\"_wp_http_referer\" value=\"\/index.php?rest_route=%2Fwp%2Fv2%2Fpages%2F9\" \/>\t\t\t\t<\/td>\n\t\t\t<\/tr>\n\n\t\t\t\t\t<\/tbody>\n\t<\/table>\n\t<\/div>\n<\/form>\n<\/div>\n\n\n<div class=\"cart-collaterals large-5 col pb-0\">\n\t\n\t<div class=\"cart-sidebar col-inner \">\n\t\t<div class=\"cart_totals \">\n\n\t          <table cellspacing=\"0\">\n          <thead>\n              <tr>\n                  <th class=\"product-name\" colspan=\"2\">C\u1ed9ng gi\u1ecf h\u00e0ng<\/th>\n              <\/tr>\n          <\/thead>\n          <\/table>\n  \n\t<h2>C\u1ed9ng gi\u1ecf h\u00e0ng<\/h2>\n\n\t<table cellspacing=\"0\" class=\"shop_table shop_table_responsive\">\n\n\t\t<tr class=\"cart-subtotal\">\n\t\t\t<th>T\u1ea1m t\u00ednh<\/th>\n\t\t\t<td data-title=\"T\u1ea1m t\u00ednh\"><span class=\"woocommerce-Price-amount amount\"><bdi>5.000.000<span class=\"woocommerce-Price-currencySymbol\">&#8363;<\/span><\/bdi><\/span><\/td>\n\t\t<\/tr>\n\n\t\t\n\t\t\n\t\t\n\t\t\n\t\t\n\t\t<tr class=\"order-total\">\n\t\t\t<th>T\u1ed5ng<\/th>\n\t\t\t<td data-title=\"T\u1ed5ng\"><strong><span class=\"woocommerce-Price-amount amount\"><bdi>5.000.000<span class=\"woocommerce-Price-currencySymbol\">&#8363;<\/span><\/bdi><\/span><\/strong> <\/td>\n\t\t<\/tr>\n\n\t\t\n\t<\/table>\n\n\t<div class=\"wc-proceed-to-checkout\">\n\t\t\n<a href=\"https:\/\/omai.mauthemewp.com\/?page_id=10\" class=\"checkout-button button alt wc-forward\">\n\tTi\u1ebfn h\u00e0nh thanh to\u00e1n<\/a>\n\t<\/div>\n\n\t\n<\/div>\n\t\t\t\t<form class=\"checkout_coupon mb-0\" method=\"post\">\n\t\t\t<div class=\"coupon\">\n\t\t\t\t<h3 class=\"widget-title\"><i class=\"icon-tag\" ><\/i> Phi\u1ebfu \u01b0u \u0111\u00e3i<\/h3><label for=\"coupon_code\" class=\"screen-reader-text\">\u01afu \u0111\u00e3i:<\/label><input type=\"text\" name=\"coupon_code\" class=\"input-text\" id=\"coupon_code\" value=\"\" placeholder=\"M\u00e3 \u01b0u \u0111\u00e3i\" \/> <button type=\"submit\" class=\"is-form expand button\" name=\"apply_coupon\" value=\"\u00c1p d\u1ee5ng\">\u00c1p d\u1ee5ng<\/button>\n\t\t\t\t\t\t\t<\/div>\n\t\t<\/form>\n\t\t\t\t<div class=\"cart-sidebar-content relative\"><\/div>\t<\/div>\n\n\t<\/div>\n<\/div>\n\n<div class=\"cart-footer-content after-cart-content relative\"><\/div><\/div>\n","protected":false},"excerpt":{"rendered":"","protected":false},"author":1,"featured_media":0,"parent":0,"menu_order":0,"comment_status":"closed","ping_status":"closed","template":"","meta":{"footnotes":""},"class_list":["post-9","page","type-page","status-publish","hentry"],"yoast_head":"<!-- This site is optimized with the Yoast SEO plugin v21.5 - https:\/\/yoast.com\/wordpress\/plugins\/seo\/ -->\n<title>Gi\u1ecf h\u00e0ng - omai<\/title>\n<meta name=\"robots\" content=\"noindex, follow, max-snippet:-1, max-image-preview:large, max-video-preview:-1\" \/>\n<meta property=\"og:locale\" content=\"vi_VN\" \/>\n<meta property=\"og:type\" content=\"article\" \/>\n<meta property=\"og:title\" content=\"Gi\u1ecf h\u00e0ng - omai\" \/>\n<meta property=\"og:url\" content=\"https:\/\/omai.mauthemewp.com\/?page_id=9\" \/>\n<meta property=\"og:site_name\" content=\"omai\" \/>\n<meta name=\"twitter:card\" content=\"summary_large_image\" \/>\n<script type=\"application\/ld+json\" class=\"yoast-schema-graph\">{\"@context\":\"https:\/\/schema.org\",\"@graph\":[{\"@type\":\"WebPage\",\"@id\":\"https:\/\/omai.mauthemewp.com\/?page_id=9\",\"url\":\"https:\/\/omai.mauthemewp.com\/?page_id=9\",\"name\":\"Gi\u1ecf h\u00e0ng - omai\",\"isPartOf\":{\"@id\":\"https:\/\/omai.mauthemewp.com\/#website\"},\"datePublished\":\"2023-05-10T09:03:17+00:00\",\"dateModified\":\"2023-05-10T09:03:17+00:00\",\"breadcrumb\":{\"@id\":\"https:\/\/omai.mauthemewp.com\/?page_id=9#breadcrumb\"},\"inLanguage\":\"vi\",\"potentialAction\":[{\"@type\":\"ReadAction\",\"target\":[\"https:\/\/omai.mauthemewp.com\/?page_id=9\"]}]},{\"@type\":\"BreadcrumbList\",\"@id\":\"https:\/\/omai.mauthemewp.com\/?page_id=9#breadcrumb\",\"itemListElement\":[{\"@type\":\"ListItem\",\"position\":1,\"name\":\"Trang ch\u1ee7\",\"item\":\"https:\/\/omai.mauthemewp.com\/\"},{\"@type\":\"ListItem\",\"position\":2,\"name\":\"Gi\u1ecf h\u00e0ng\"}]},{\"@type\":\"WebSite\",\"@id\":\"https:\/\/omai.mauthemewp.com\/#website\",\"url\":\"https:\/\/omai.mauthemewp.com\/\",\"name\":\"omai\",\"description\":\"\",\"potentialAction\":[{\"@type\":\"SearchAction\",\"target\":{\"@type\":\"EntryPoint\",\"urlTemplate\":\"https:\/\/omai.mauthemewp.com\/?s={search_term_string}\"},\"query-input\":\"required name=search_term_string\"}],\"inLanguage\":\"vi\"}]}<\/script>\n<!-- \/ Yoast SEO plugin. -->","yoast_head_json":{"title":"Gi\u1ecf h\u00e0ng - omai","robots":{"index":"noindex","follow":"follow","max-snippet":"max-snippet:-1","max-image-preview":"max-image-preview:large","max-video-preview":"max-video-preview:-1"},"og_locale":"vi_VN","og_type":"article","og_title":"Gi\u1ecf h\u00e0ng - omai","og_url":"https:\/\/omai.mauthemewp.com\/?page_id=9","og_site_name":"omai","twitter_card":"summary_large_image","schema":{"@context":"https:\/\/schema.org","@graph":[{"@type":"WebPage","@id":"https:\/\/omai.mauthemewp.com\/?page_id=9","url":"https:\/\/omai.mauthemewp.com\/?page_id=9","name":"Gi\u1ecf h\u00e0ng - omai","isPartOf":{"@id":"https:\/\/omai.mauthemewp.com\/#website"},"datePublished":"2023-05-10T09:03:17+00:00","dateModified":"2023-05-10T09:03:17+00:00","breadcrumb":{"@id":"https:\/\/omai.mauthemewp.com\/?page_id=9#breadcrumb"},"inLanguage":"vi","potentialAction":[{"@type":"ReadAction","target":["https:\/\/omai.mauthemewp.com\/?page_id=9"]}]},{"@type":"BreadcrumbList","@id":"https:\/\/omai.mauthemewp.com\/?page_id=9#breadcrumb","itemListElement":[{"@type":"ListItem","position":1,"name":"Trang ch\u1ee7","item":"https:\/\/omai.mauthemewp.com\/"},{"@type":"ListItem","position":2,"name":"Gi\u1ecf h\u00e0ng"}]},{"@type":"WebSite","@id":"https:\/\/omai.mauthemewp.com\/#website","url":"https:\/\/omai.mauthemewp.com\/","name":"omai","description":"","potentialAction":[{"@type":"SearchAction","target":{"@type":"EntryPoint","urlTemplate":"https:\/\/omai.mauthemewp.com\/?s={search_term_string}"},"query-input":"required name=search_term_string"}],"inLanguage":"vi"}]}},"_links":{"self":[{"href":"https:\/\/omai.mauthemewp.com\/index.php?rest_route=\/wp\/v2\/pages\/9"}],"collection":[{"href":"https:\/\/omai.mauthemewp.com\/index.php?rest_route=\/wp\/v2\/pages"}],"about":[{"href":"https:\/\/omai.mauthemewp.com\/index.php?rest_route=\/wp\/v2\/types\/page"}],"author":[{"embeddable":true,"href":"https:\/\/omai.mauthemewp.com\/index.php?rest_route=\/wp\/v2\/users\/1"}],"replies":[{"embeddable":true,"href":"https:\/\/omai.mauthemewp.com\/index.php?rest_route=%2Fwp%2Fv2%2Fcomments&post=9"}],"version-history":[{"count":0,"href":"https:\/\/omai.mauthemewp.com\/index.php?rest_route=\/wp\/v2\/pages\/9\/revisions"}],"wp:attachment":[{"href":"https:\/\/omai.mauthemewp.com\/index.php?rest_route=%2Fwp%2Fv2%2Fmedia&parent=9"}],"curies":[{"name":"wp","href":"https:\/\/api.w.org\/{rel}","templated":true}]}}